{"id":1044,"date":"2018-01-30T04:50:11","date_gmt":"2018-01-30T03:50:11","guid":{"rendered":"http:\/\/encaja.es\/peninsula\/?page_id=1044"},"modified":"2021-06-01T14:01:37","modified_gmt":"2021-06-01T12:01:37","slug":"minialmacenes","status":"publish","type":"page","link":"https:\/\/encaja.es\/peninsula\/minialmacenes\/","title":{"rendered":"Minialmacenes"},"content":{"rendered":"<section class='page-content' style=''  ><section class='container'><div class='row' style=''><div class='col-md-12 ' style='' ><img src='https:\/\/encaja.es\/peninsula\/wp-content\/uploads\/2021\/06\/1gratis.jpg' class='center' title='1gratis' alt='1gratis' width='1280' height='628'\/><div class='clearfix'><\/div><\/div><\/div><div class='row' style=''><div class='col-md-12 ' style='' ><div class='custom-heading centered'>\r\n                            <h1>MINIALMACENES<\/h1>\r\n                        <\/div><\/div><\/div><div class='row' style=''><div class='col-md-8 ' style='' ><div class='cma-wysiwyg-editor'><h2>Minialmacenes en Madrid y Guadalajara<\/h2><p><strong>Espacio a partir de 12 m\u00b2 y de 10,89\u20ac\/m2.\u00a0<\/strong><\/p><p>Los minialmacenes poseen gran capacidad y son una gran soluci\u00f3n para las empresas o particulares que tengan una necesidad de espacio m\u00e1s amplia que la que ofrecen los trasteros.<\/p><p>Accede directamente con tu furgoneta o veh\u00edculo, m\u00e1s f\u00e1cil imposible para que puedas descargar tu cosas con total facilidad.<\/p><p>Pregunta por nuestro <strong>servicio de Transporte<\/strong> o por nuestro <strong>servicio Premium<\/strong> donde nos encargamos de hacer todo el proceso de almacenamiento.<\/p><\/div><div class='triggerAnimation animated' data-animate='zoomIn' style='margin-top: 50px;'><div class='custom-heading'>\r\n                            <h4>Solicite su presupuesto<\/h4>                            \r\n                        <\/div><\/div><div class='triggerAnimation animated' data-animate='zoomIn' style='margin-top: 80px;'><a href='\/peninsula\/presupuesto\/' class='btn icon-animated custom-color btn-big float-left'  style='background: #97001f;'><span><i class='fa fa-envelope'><\/i> Sin compromiso<\/span><\/a><div class='clearfix'><\/div><\/div><\/div><div class='col-md-4 ' style='' ><ul class='service-list-big-icons-details clearfix '><li>\r\n                                <div class='icon-container'>\r\n                                    <div class='icon'>\r\n                                   <i class='fa fa-th'><\/i>\r\n                                <\/div>\r\n                                <\/div>\r\n\r\n                                <div class='service-details'>\r\n                                    <h4>MINIALMACENES<\/h4>\r\n\r\n                                    <p>Para grandes cuentas<\/p>\r\n                                <\/div>\r\n                            <\/li><li>\r\n                                <div class='icon-container'>\r\n                                    <div class='icon'>\r\n                                   <i class='fa fa-truck'><\/i>\r\n                                <\/div>\r\n                                <\/div>\r\n\r\n                                <div class='service-details'>\r\n                                    <h4>SERVICIO DE TRANSPORTE<\/h4>\r\n\r\n                                    <p>Si no tiene furgoneta o manera de transportar sus enseres, nosotros lo hacemos por ti<\/p>\r\n                                <\/div>\r\n                            <\/li><li>\r\n                                <div class='icon-container'>\r\n                                    <div class='icon'>\r\n                                   <i class='fa fa-star'><\/i>\r\n                                <\/div>\r\n                                <\/div>\r\n\r\n                                <div class='service-details'>\r\n                                    <h4>SERVICIO PREMIUM<\/h4>\r\n\r\n                                    <p>Tu descansas y nosotros trabajamos por ti. Realizamos todo el proceso de almacenaje, de principio a fin.<\/p>\r\n                                <\/div>\r\n                            <\/li><\/ul><\/div><\/div><\/section><\/section>\n","protected":false},"excerpt":{"rendered":"","protected":false},"author":1,"featured_media":0,"parent":0,"menu_order":0,"comment_status":"closed","ping_status":"closed","template":"","meta":{"inline_featured_image":false,"_monsterinsights_skip_tracking":false,"_monsterinsights_sitenote_active":false,"_monsterinsights_sitenote_note":"","_monsterinsights_sitenote_category":0,"footnotes":""},"class_list":["post-1044","page","type-page","status-publish","hentry"],"yoast_head":"<!-- This site is optimized with the Yoast SEO plugin v27.4 - https:\/\/yoast.com\/product\/yoast-seo-wordpress\/ -->\n<title>Minialmacenes Madrid y Guadalajara - Encaja<\/title>\n<meta name=\"description\" content=\"Nuestros minialmacenes en Madrid y Guadalajara poseen gran capacidad y son una gran soluci\u00f3n para las empresas o particulares que necesiten espacio.\" \/>\n<meta name=\"robots\" content=\"index, follow, max-snippet:-1, max-image-preview:large, max-video-preview:-1\" \/>\n<link rel=\"canonical\" href=\"https:\/\/encaja.es\/peninsula\/minialmacenes\/\" \/>\n<meta property=\"og:locale\" content=\"es_ES\" \/>\n<meta property=\"og:type\" content=\"article\" \/>\n<meta property=\"og:title\" content=\"Minialmacenes Madrid y Guadalajara - Encaja\" \/>\n<meta property=\"og:description\" content=\"Nuestros minialmacenes en Madrid y Guadalajara poseen gran capacidad y son una gran soluci\u00f3n para las empresas o particulares que necesiten espacio.\" \/>\n<meta property=\"og:url\" content=\"https:\/\/encaja.es\/peninsula\/minialmacenes\/\" \/>\n<meta property=\"og:site_name\" content=\"Encaja - Pen\u00ednsula\" \/>\n<meta property=\"article:modified_time\" content=\"2021-06-01T12:01:37+00:00\" \/>\n<meta name=\"twitter:card\" content=\"summary_large_image\" \/>\n<script type=\"application\/ld+json\" class=\"yoast-schema-graph\">{\"@context\":\"https:\\\/\\\/schema.org\",\"@graph\":[{\"@type\":\"WebPage\",\"@id\":\"https:\\\/\\\/encaja.es\\\/peninsula\\\/minialmacenes\\\/\",\"url\":\"https:\\\/\\\/encaja.es\\\/peninsula\\\/minialmacenes\\\/\",\"name\":\"Minialmacenes Madrid y Guadalajara - Encaja\",\"isPartOf\":{\"@id\":\"https:\\\/\\\/encaja.es\\\/peninsula\\\/#website\"},\"datePublished\":\"2018-01-30T03:50:11+00:00\",\"dateModified\":\"2021-06-01T12:01:37+00:00\",\"description\":\"Nuestros minialmacenes en Madrid y Guadalajara poseen gran capacidad y son una gran soluci\u00f3n para las empresas o particulares que necesiten espacio.\",\"breadcrumb\":{\"@id\":\"https:\\\/\\\/encaja.es\\\/peninsula\\\/minialmacenes\\\/#breadcrumb\"},\"inLanguage\":\"es\",\"potentialAction\":[{\"@type\":\"ReadAction\",\"target\":[\"https:\\\/\\\/encaja.es\\\/peninsula\\\/minialmacenes\\\/\"]}]},{\"@type\":\"BreadcrumbList\",\"@id\":\"https:\\\/\\\/encaja.es\\\/peninsula\\\/minialmacenes\\\/#breadcrumb\",\"itemListElement\":[{\"@type\":\"ListItem\",\"position\":1,\"name\":\"Portada\",\"item\":\"https:\\\/\\\/encaja.es\\\/peninsula\\\/\"},{\"@type\":\"ListItem\",\"position\":2,\"name\":\"Minialmacenes\"}]},{\"@type\":\"WebSite\",\"@id\":\"https:\\\/\\\/encaja.es\\\/peninsula\\\/#website\",\"url\":\"https:\\\/\\\/encaja.es\\\/peninsula\\\/\",\"name\":\"Encaja - Pen\u00ednsula\",\"description\":\"Trasteros y mini almacenes\",\"potentialAction\":[{\"@type\":\"SearchAction\",\"target\":{\"@type\":\"EntryPoint\",\"urlTemplate\":\"https:\\\/\\\/encaja.es\\\/peninsula\\\/?s={search_term_string}\"},\"query-input\":{\"@type\":\"PropertyValueSpecification\",\"valueRequired\":true,\"valueName\":\"search_term_string\"}}],\"inLanguage\":\"es\"}]}<\/script>\n<!-- \/ Yoast SEO plugin. -->","yoast_head_json":{"title":"Minialmacenes Madrid y Guadalajara - Encaja","description":"Nuestros minialmacenes en Madrid y Guadalajara poseen gran capacidad y son una gran soluci\u00f3n para las empresas o particulares que necesiten espacio.","robots":{"index":"index","follow":"follow","max-snippet":"max-snippet:-1","max-image-preview":"max-image-preview:large","max-video-preview":"max-video-preview:-1"},"canonical":"https:\/\/encaja.es\/peninsula\/minialmacenes\/","og_locale":"es_ES","og_type":"article","og_title":"Minialmacenes Madrid y Guadalajara - Encaja","og_description":"Nuestros minialmacenes en Madrid y Guadalajara poseen gran capacidad y son una gran soluci\u00f3n para las empresas o particulares que necesiten espacio.","og_url":"https:\/\/encaja.es\/peninsula\/minialmacenes\/","og_site_name":"Encaja - Pen\u00ednsula","article_modified_time":"2021-06-01T12:01:37+00:00","twitter_card":"summary_large_image","schema":{"@context":"https:\/\/schema.org","@graph":[{"@type":"WebPage","@id":"https:\/\/encaja.es\/peninsula\/minialmacenes\/","url":"https:\/\/encaja.es\/peninsula\/minialmacenes\/","name":"Minialmacenes Madrid y Guadalajara - Encaja","isPartOf":{"@id":"https:\/\/encaja.es\/peninsula\/#website"},"datePublished":"2018-01-30T03:50:11+00:00","dateModified":"2021-06-01T12:01:37+00:00","description":"Nuestros minialmacenes en Madrid y Guadalajara poseen gran capacidad y son una gran soluci\u00f3n para las empresas o particulares que necesiten espacio.","breadcrumb":{"@id":"https:\/\/encaja.es\/peninsula\/minialmacenes\/#breadcrumb"},"inLanguage":"es","potentialAction":[{"@type":"ReadAction","target":["https:\/\/encaja.es\/peninsula\/minialmacenes\/"]}]},{"@type":"BreadcrumbList","@id":"https:\/\/encaja.es\/peninsula\/minialmacenes\/#breadcrumb","itemListElement":[{"@type":"ListItem","position":1,"name":"Portada","item":"https:\/\/encaja.es\/peninsula\/"},{"@type":"ListItem","position":2,"name":"Minialmacenes"}]},{"@type":"WebSite","@id":"https:\/\/encaja.es\/peninsula\/#website","url":"https:\/\/encaja.es\/peninsula\/","name":"Encaja - Pen\u00ednsula","description":"Trasteros y mini almacenes","potentialAction":[{"@type":"SearchAction","target":{"@type":"EntryPoint","urlTemplate":"https:\/\/encaja.es\/peninsula\/?s={search_term_string}"},"query-input":{"@type":"PropertyValueSpecification","valueRequired":true,"valueName":"search_term_string"}}],"inLanguage":"es"}]}},"_links":{"self":[{"href":"https:\/\/encaja.es\/peninsula\/wp-json\/wp\/v2\/pages\/1044","targetHints":{"allow":["GET"]}}],"collection":[{"href":"https:\/\/encaja.es\/peninsula\/wp-json\/wp\/v2\/pages"}],"about":[{"href":"https:\/\/encaja.es\/peninsula\/wp-json\/wp\/v2\/types\/page"}],"author":[{"embeddable":true,"href":"https:\/\/encaja.es\/peninsula\/wp-json\/wp\/v2\/users\/1"}],"replies":[{"embeddable":true,"href":"https:\/\/encaja.es\/peninsula\/wp-json\/wp\/v2\/comments?post=1044"}],"version-history":[{"count":6,"href":"https:\/\/encaja.es\/peninsula\/wp-json\/wp\/v2\/pages\/1044\/revisions"}],"predecessor-version":[{"id":1399,"href":"https:\/\/encaja.es\/peninsula\/wp-json\/wp\/v2\/pages\/1044\/revisions\/1399"}],"wp:attachment":[{"href":"https:\/\/encaja.es\/peninsula\/wp-json\/wp\/v2\/media?parent=1044"}],"curies":[{"name":"wp","href":"https:\/\/api.w.org\/{rel}","templated":true}]}}