{"id":1409,"date":"2018-10-05T15:17:03","date_gmt":"2018-10-05T13:17:03","guid":{"rendered":"https:\/\/encaja.es\/peninsula\/?page_id=1409"},"modified":"2018-10-05T15:18:46","modified_gmt":"2018-10-05T13:18:46","slug":"buzon-de-sugerencias","status":"publish","type":"page","link":"https:\/\/encaja.es\/peninsula\/buzon-de-sugerencias\/","title":{"rendered":"Buz\u00f3n de sugerencias"},"content":{"rendered":"<section class='page-content' style=''  ><section class='container'><div class='row' style=''><div class='col-md-4 empty' style='' ><\/div><div class='col-md-4 ' style='' ><div class='cma-wysiwyg-editor'><p style=\"text-align: center;\">\n<div class=\"wpcf7 no-js\" id=\"wpcf7-f1408-o1\" lang=\"es-ES\" dir=\"ltr\" data-wpcf7-id=\"1408\">\n<div class=\"screen-reader-response\"><p role=\"status\" aria-live=\"polite\" aria-atomic=\"true\"><\/p> <ul><\/ul><\/div>\n<form action=\"\/peninsula\/wp-json\/wp\/v2\/pages\/1409#wpcf7-f1408-o1\" method=\"post\" class=\"wpcf7-form init\" aria-label=\"Formulario de contacto\" novalidate=\"novalidate\" data-status=\"init\">\n<fieldset class=\"hidden-fields-container\"><input type=\"hidden\" name=\"_wpcf7\" value=\"1408\" \/><input type=\"hidden\" name=\"_wpcf7_version\" value=\"6.1.5\" \/><input type=\"hidden\" name=\"_wpcf7_locale\" value=\"es_ES\" \/><input type=\"hidden\" name=\"_wpcf7_unit_tag\" value=\"wpcf7-f1408-o1\" \/><input type=\"hidden\" name=\"_wpcf7_container_post\" value=\"0\" \/><input type=\"hidden\" name=\"_wpcf7_posted_data_hash\" value=\"\" \/><input type=\"hidden\" name=\"_wpcf7_recaptcha_response\" value=\"\" \/>\n<\/fieldset>\n<p>Con el \u00e1nimo de prestar el mejor servicio p\u00fablico, ENCAJA ha creado este buz\u00f3n de sugerencias que conectan nuestros servicios ofrecidos con las personas usuarias de los mismos, as\u00ed como con los distintos grupos de inter\u00e9s de la compa\u00f1\u00eda. Te agradecemos tu participaci\u00f3n desinteresada ya que esta, nos ayuda a mejorar.\n<\/p>\n<hr \/>\n<p><b> Soy:<\/b>\n<\/p>\n<p><label><span class=\"wpcf7-form-control-wrap\" data-name=\"persona\"><span class=\"wpcf7-form-control wpcf7-radio\"><span class=\"wpcf7-list-item first\"><input type=\"radio\" name=\"persona\" value=\"Proveedor\" \/><span class=\"wpcf7-list-item-label\">Proveedor<\/span><\/span><span class=\"wpcf7-list-item\"><input type=\"radio\" name=\"persona\" value=\"Cliente\" \/><span class=\"wpcf7-list-item-label\">Cliente<\/span><\/span><span class=\"wpcf7-list-item last\"><input type=\"radio\" name=\"persona\" value=\"Personal\" \/><span class=\"wpcf7-list-item-label\">Personal<\/span><\/span><\/span><\/span><\/label>\n<\/p>\n<hr \/>\n<p><b> Sugerencia:<\/b>\n<\/p>\n<p><span class=\"wpcf7-form-control-wrap\" data-name=\"sugerencia\"><textarea cols=\"40\" rows=\"10\" maxlength=\"2000\" class=\"wpcf7-form-control wpcf7-textarea wpcf7-validates-as-required\" aria-required=\"true\" aria-invalid=\"false\" name=\"sugerencia\"><\/textarea><\/span>\n<\/p>\n<hr \/>\n\n<hr \/>\n<p><input class=\"wpcf7-form-control wpcf7-submit has-spinner\" type=\"submit\" value=\"Enviar\" \/>\n<\/p><p style=\"display: none !important;\" class=\"akismet-fields-container\" data-prefix=\"_wpcf7_ak_\"><label>&#916;<textarea name=\"_wpcf7_ak_hp_textarea\" cols=\"45\" rows=\"8\" maxlength=\"100\"><\/textarea><\/label><input type=\"hidden\" id=\"ak_js_1\" name=\"_wpcf7_ak_js\" value=\"68\"\/><script type=\"text\/javascript\">\n\/* <![CDATA[ *\/\ndocument.getElementById( \"ak_js_1\" ).setAttribute( \"value\", ( new Date() ).getTime() );\n\/* ]]> *\/\n<\/script>\n<\/p><div class=\"wpcf7-response-output\" aria-hidden=\"true\"><\/div>\n<\/form>\n<\/div>\n<\/p><\/div><\/div><div class='col-md-4 empty' style='' ><\/div><\/div><\/section><\/section>\n","protected":false},"excerpt":{"rendered":"","protected":false},"author":1,"featured_media":0,"parent":0,"menu_order":0,"comment_status":"closed","ping_status":"closed","template":"","meta":{"inline_featured_image":false,"_monsterinsights_skip_tracking":false,"_monsterinsights_sitenote_active":false,"_monsterinsights_sitenote_note":"","_monsterinsights_sitenote_category":0,"footnotes":""},"class_list":["post-1409","page","type-page","status-publish","hentry"],"yoast_head":"<!-- This site is optimized with the Yoast SEO plugin v27.4 - https:\/\/yoast.com\/product\/yoast-seo-wordpress\/ -->\n<title>Buz\u00f3n de sugerencias - Encaja - Pen\u00ednsula<\/title>\n<meta name=\"robots\" content=\"index, follow, max-snippet:-1, max-image-preview:large, max-video-preview:-1\" \/>\n<link rel=\"canonical\" href=\"https:\/\/encaja.es\/peninsula\/buzon-de-sugerencias\/\" \/>\n<meta property=\"og:locale\" content=\"es_ES\" \/>\n<meta property=\"og:type\" content=\"article\" \/>\n<meta property=\"og:title\" content=\"Buz\u00f3n de sugerencias - Encaja - Pen\u00ednsula\" \/>\n<meta property=\"og:url\" content=\"https:\/\/encaja.es\/peninsula\/buzon-de-sugerencias\/\" \/>\n<meta property=\"og:site_name\" content=\"Encaja - Pen\u00ednsula\" \/>\n<meta property=\"article:modified_time\" content=\"2018-10-05T13:18:46+00:00\" \/>\n<meta name=\"twitter:card\" content=\"summary_large_image\" \/>\n<script type=\"application\/ld+json\" class=\"yoast-schema-graph\">{\"@context\":\"https:\\\/\\\/schema.org\",\"@graph\":[{\"@type\":\"WebPage\",\"@id\":\"https:\\\/\\\/encaja.es\\\/peninsula\\\/buzon-de-sugerencias\\\/\",\"url\":\"https:\\\/\\\/encaja.es\\\/peninsula\\\/buzon-de-sugerencias\\\/\",\"name\":\"Buz\u00f3n de sugerencias - Encaja - Pen\u00ednsula\",\"isPartOf\":{\"@id\":\"https:\\\/\\\/encaja.es\\\/peninsula\\\/#website\"},\"datePublished\":\"2018-10-05T13:17:03+00:00\",\"dateModified\":\"2018-10-05T13:18:46+00:00\",\"breadcrumb\":{\"@id\":\"https:\\\/\\\/encaja.es\\\/peninsula\\\/buzon-de-sugerencias\\\/#breadcrumb\"},\"inLanguage\":\"es\",\"potentialAction\":[{\"@type\":\"ReadAction\",\"target\":[\"https:\\\/\\\/encaja.es\\\/peninsula\\\/buzon-de-sugerencias\\\/\"]}]},{\"@type\":\"BreadcrumbList\",\"@id\":\"https:\\\/\\\/encaja.es\\\/peninsula\\\/buzon-de-sugerencias\\\/#breadcrumb\",\"itemListElement\":[{\"@type\":\"ListItem\",\"position\":1,\"name\":\"Portada\",\"item\":\"https:\\\/\\\/encaja.es\\\/peninsula\\\/\"},{\"@type\":\"ListItem\",\"position\":2,\"name\":\"Buz\u00f3n de sugerencias\"}]},{\"@type\":\"WebSite\",\"@id\":\"https:\\\/\\\/encaja.es\\\/peninsula\\\/#website\",\"url\":\"https:\\\/\\\/encaja.es\\\/peninsula\\\/\",\"name\":\"Encaja - Pen\u00ednsula\",\"description\":\"Trasteros y mini almacenes\",\"potentialAction\":[{\"@type\":\"SearchAction\",\"target\":{\"@type\":\"EntryPoint\",\"urlTemplate\":\"https:\\\/\\\/encaja.es\\\/peninsula\\\/?s={search_term_string}\"},\"query-input\":{\"@type\":\"PropertyValueSpecification\",\"valueRequired\":true,\"valueName\":\"search_term_string\"}}],\"inLanguage\":\"es\"}]}<\/script>\n<!-- \/ Yoast SEO plugin. -->","yoast_head_json":{"title":"Buz\u00f3n de sugerencias - Encaja - Pen\u00ednsula","robots":{"index":"index","follow":"follow","max-snippet":"max-snippet:-1","max-image-preview":"max-image-preview:large","max-video-preview":"max-video-preview:-1"},"canonical":"https:\/\/encaja.es\/peninsula\/buzon-de-sugerencias\/","og_locale":"es_ES","og_type":"article","og_title":"Buz\u00f3n de sugerencias - Encaja - Pen\u00ednsula","og_url":"https:\/\/encaja.es\/peninsula\/buzon-de-sugerencias\/","og_site_name":"Encaja - Pen\u00ednsula","article_modified_time":"2018-10-05T13:18:46+00:00","twitter_card":"summary_large_image","schema":{"@context":"https:\/\/schema.org","@graph":[{"@type":"WebPage","@id":"https:\/\/encaja.es\/peninsula\/buzon-de-sugerencias\/","url":"https:\/\/encaja.es\/peninsula\/buzon-de-sugerencias\/","name":"Buz\u00f3n de sugerencias - Encaja - Pen\u00ednsula","isPartOf":{"@id":"https:\/\/encaja.es\/peninsula\/#website"},"datePublished":"2018-10-05T13:17:03+00:00","dateModified":"2018-10-05T13:18:46+00:00","breadcrumb":{"@id":"https:\/\/encaja.es\/peninsula\/buzon-de-sugerencias\/#breadcrumb"},"inLanguage":"es","potentialAction":[{"@type":"ReadAction","target":["https:\/\/encaja.es\/peninsula\/buzon-de-sugerencias\/"]}]},{"@type":"BreadcrumbList","@id":"https:\/\/encaja.es\/peninsula\/buzon-de-sugerencias\/#breadcrumb","itemListElement":[{"@type":"ListItem","position":1,"name":"Portada","item":"https:\/\/encaja.es\/peninsula\/"},{"@type":"ListItem","position":2,"name":"Buz\u00f3n de sugerencias"}]},{"@type":"WebSite","@id":"https:\/\/encaja.es\/peninsula\/#website","url":"https:\/\/encaja.es\/peninsula\/","name":"Encaja - Pen\u00ednsula","description":"Trasteros y mini almacenes","potentialAction":[{"@type":"SearchAction","target":{"@type":"EntryPoint","urlTemplate":"https:\/\/encaja.es\/peninsula\/?s={search_term_string}"},"query-input":{"@type":"PropertyValueSpecification","valueRequired":true,"valueName":"search_term_string"}}],"inLanguage":"es"}]}},"_links":{"self":[{"href":"https:\/\/encaja.es\/peninsula\/wp-json\/wp\/v2\/pages\/1409","targetHints":{"allow":["GET"]}}],"collection":[{"href":"https:\/\/encaja.es\/peninsula\/wp-json\/wp\/v2\/pages"}],"about":[{"href":"https:\/\/encaja.es\/peninsula\/wp-json\/wp\/v2\/types\/page"}],"author":[{"embeddable":true,"href":"https:\/\/encaja.es\/peninsula\/wp-json\/wp\/v2\/users\/1"}],"replies":[{"embeddable":true,"href":"https:\/\/encaja.es\/peninsula\/wp-json\/wp\/v2\/comments?post=1409"}],"version-history":[{"count":2,"href":"https:\/\/encaja.es\/peninsula\/wp-json\/wp\/v2\/pages\/1409\/revisions"}],"predecessor-version":[{"id":1412,"href":"https:\/\/encaja.es\/peninsula\/wp-json\/wp\/v2\/pages\/1409\/revisions\/1412"}],"wp:attachment":[{"href":"https:\/\/encaja.es\/peninsula\/wp-json\/wp\/v2\/media?parent=1409"}],"curies":[{"name":"wp","href":"https:\/\/api.w.org\/{rel}","templated":true}]}}