{"id":18,"date":"2015-09-15T11:27:05","date_gmt":"2015-09-15T09:27:05","guid":{"rendered":"http:\/\/pixel-industry.com\/dummy_wp\/trucking\/?page_id=18"},"modified":"2024-06-24T12:25:26","modified_gmt":"2024-06-24T10:25:26","slug":"trasteros-y-minialmacenes","status":"publish","type":"page","link":"https:\/\/encaja.es\/peninsula\/","title":{"rendered":"Inicio"},"content":{"rendered":"<section class='page-content' style='margin-bottom: 0px;'  ><section class='container-fluid' style='padding-left: 0; padding-right: 0;'><div class='row' style='margin-bottom: 0px ;'><div class='col-md-12 ' style='' ><div class='cma-wysiwyg-editor'><p>\n\t\t<!-- MasterSlider -->\n\t\t<div id=\"P_MS69ee1696bd5c2\" class=\"master-slider-parent ms-parent-id-13\"  >\n\n\t\t\t\n\t\t\t<!-- MasterSlider Main -->\n\t\t\t<div id=\"MS69ee1696bd5c2\" class=\"master-slider ms-skin-default\" >\n\t\t\t\t \t\t\t\t \n\n\t\t\t<div  class=\"ms-slide\" data-delay=\"3\" data-fill-mode=\"fill\"   >\n\t\t\t\t\t<img decoding=\"async\" src=\"https:\/\/encaja.es\/peninsula\/wp-content\/plugins\/masterslider\/public\/assets\/css\/blank.gif\" alt=\"\" title=\"\" data-src=\"https:\/\/encaja.es\/peninsula\/wp-content\/uploads\/2021\/02\/1366_20002.jpg\" \/>\n\n\t\t\t\t\t<img decoding=\"async\"  class=\"ms-layer\" src=\"https:\/\/encaja.es\/peninsula\/wp-content\/plugins\/masterslider\/public\/assets\/css\/blank.gif\" data-src=\"https:\/\/encaja.es\/peninsula\/wp-content\/uploads\/2015\/10\/slider-line-1.jpg\" alt=\"\" style=\"\"  data-effect=\"t(true,n,150,n,n,n,n,n,n,n,n,n,n,n,n)\" data-duration=\"600\" data-delay=\"200\" data-ease=\"easeOutQuint\"        data-type=\"image\"          data-offset-x=\"540\" data-offset-y=\"450\" data-origin=\"tl\"  \/>\n\n\n\t\t\t\t<\/div>\n\t\t\t<div  class=\"ms-slide\" data-delay=\"3\" data-fill-mode=\"fill\"   >\n\t\t\t\t\t<img decoding=\"async\" src=\"https:\/\/encaja.es\/peninsula\/wp-content\/plugins\/masterslider\/public\/assets\/css\/blank.gif\" alt=\"\" title=\"\" data-src=\"https:\/\/encaja.es\/peninsula\/wp-content\/uploads\/2018\/10\/CAJAS-MULTIUSO.jpg\" \/>\n\n\t\t\t\t\t<img decoding=\"async\"  class=\"ms-layer\" src=\"https:\/\/encaja.es\/peninsula\/wp-content\/plugins\/masterslider\/public\/assets\/css\/blank.gif\" data-src=\"https:\/\/encaja.es\/peninsula\/wp-content\/uploads\/2015\/10\/slider-line-1.jpg\" alt=\"\" style=\"\"  data-effect=\"t(true,n,150,n,n,n,n,n,n,n,n,n,n,n,n)\" data-duration=\"600\" data-delay=\"200\" data-ease=\"easeOutQuint\"        data-type=\"image\"          data-offset-x=\"540\" data-offset-y=\"454\" data-origin=\"tl\"  \/>\n\n\n\t\t\t\t<\/div>\n\t\t\t<div  class=\"ms-slide\" data-delay=\"3\" data-fill-mode=\"fill\"   >\n\t\t\t\t\t<img decoding=\"async\" src=\"https:\/\/encaja.es\/peninsula\/wp-content\/plugins\/masterslider\/public\/assets\/css\/blank.gif\" alt=\"\" title=\"MUDANZA (2)\" data-src=\"https:\/\/encaja.es\/peninsula\/wp-content\/uploads\/2018\/12\/MUDANZA-2.jpg\" \/>\n\n\n\t\t\t\t<\/div>\n\n\t\t\t<\/div>\n\t\t\t<!-- END MasterSlider Main -->\n\n\t\t\t \n\t\t<\/div>\n\t\t<!-- END MasterSlider -->\n\n\t\t<script>\n\t\t( window.MSReady = window.MSReady || [] ).push( function( $ ) {\n\n\t\t\t\"use strict\";\n\t\t\tvar masterslider_d5c2 = new MasterSlider();\n\n\t\t\t\/\/ slider controls\n\t\t\tmasterslider_d5c2.control('arrows'     ,{ autohide:true, overVideo:true  });\n\t\t\t\/\/ slider setup\n\t\t\tmasterslider_d5c2.setup(\"MS69ee1696bd5c2\", {\n\t\t\t\twidth           : 1200,\n\t\t\t\theight          : 600,\n\t\t\t\tminHeight       : 854,\n\t\t\t\tspace           : 0,\n\t\t\t\tstart           : 1,\n\t\t\t\tgrabCursor      : true,\n\t\t\t\tswipe           : true,\n\t\t\t\tmouse           : true,\n\t\t\t\tkeyboard        : false,\n\t\t\t\tlayout          : \"fullscreen\",\n\t\t\t\twheel           : false,\n\t\t\t\tautoplay        : false,\n                instantStartLayers:false,\n\t\t\t\tmobileBGVideo:false,\n\t\t\t\tloop            : false,\n\t\t\t\tshuffle         : false,\n\t\t\t\tpreload         : 0,\n\t\t\t\theightLimit     : true,\n\t\t\t\tautoHeight      : false,\n\t\t\t\tsmoothHeight    : true,\n\t\t\t\tendPause        : false,\n\t\t\t\toverPause       : false,\n\t\t\t\tfillMode        : \"fill\",\n\t\t\t\tcenterControls  : false,\n\t\t\t\tstartOnAppear   : false,\n\t\t\t\tlayersMode      : \"center\",\n\t\t\t\tautofillTarget  : \"\",\n\t\t\t\thideLayers      : false,\n\t\t\t\tfullscreenMargin: 200,\n\t\t\t\tspeed           : 70,\n\t\t\t\tdir             : \"h\",\n\t\t\t\tresponsive      : true,\n\t\t\t\ttabletWidth     : 768,\n\t\t\t\ttabletHeight    : null,\n\t\t\t\tphoneWidth      : 480,\n\t\t\t\tphoneHeight    : null,\n\t\t\t\tsizingReference : window,\n\t\t\t\tparallaxMode    : 'swipe',\n\t\t\t\tview            : \"basic\"\n\t\t\t});\n\n\t\t\t\n\t\t\twindow.masterslider_instances = window.masterslider_instances || [];\n\t\t\twindow.masterslider_instances.push( masterslider_d5c2 );\n\t\t});\n\t\t<\/script>\n\n<\/p><\/div><\/div><\/div><\/section><\/section><section class='page-content custom-background color-background parallax parallax-6' style='background-color: #2c3741;margin-bottom: 80px;' data-stellar-background-ratio='0.4' ><section class='container'><div class='row services-negative-top' style=''><div class='col-md-4 ' style='' ><div class='services-element service-feature-box '>\r\n                            <div class='service-media'>\r\n                                <img src='https:\/\/encaja.es\/peninsula\/wp-content\/uploads\/bfi_thumb\/1gratis_2-qddgh02jl3v25od42tlq4ck38on7zp0j3y7ytmfblc.jpg' alt='checklist icon'>\r\n                                \r\n                                <a href='http:\/\/encaja.es\/peninsula\/trasteros\/' class='read-more02' ><span>\r\n                                Saber m\u00e1s ...\r\n                                <i class='fa fa-chevron-right'><\/i>\r\n                            <\/span><\/a>                                \r\n                            <\/div>\r\n\r\n                            <div class='service-body'>\r\n                                <div class='custom-heading'>\r\n                                    <a href='http:\/\/encaja.es\/peninsula\/trasteros\/' ><h4>TRASTEROS<\/h4><\/a>\r\n                                <\/div>\r\n\r\n                                <p><\/p>\r\n                            <\/div>\r\n                        <\/div><\/div><div class='col-md-4 empty' style='' ><\/div><div class='col-md-4 ' style='' ><div class='services-element service-feature-box '>\r\n                            <div class='service-media'>\r\n                                <img src='https:\/\/encaja.es\/peninsula\/wp-content\/uploads\/bfi_thumb\/guarda-1-qddgh02jl3v25od42tlq4ck38on7zp0j3y7ytmfblc.png' alt='checklist icon'>\r\n                                \r\n                                <a href='http:\/\/encaja.es\/peninsula\/empresas\/' class='read-more02' ><span>\r\n                                Saber m\u00e1s ...\r\n                                <i class='fa fa-chevron-right'><\/i>\r\n                            <\/span><\/a>                                \r\n                            <\/div>\r\n\r\n                            <div class='service-body'>\r\n                                <div class='custom-heading'>\r\n                                    <a href='http:\/\/encaja.es\/peninsula\/empresas\/' ><h4>EMPRESAS<\/h4><\/a>\r\n                                <\/div>\r\n\r\n                                <p><\/p>\r\n                            <\/div>\r\n                        <\/div><\/div><\/div><div class='row' style=''><div class='col-md-12 ' style='' ><a href='http:\/\/encaja.es\/peninsula\/presupuesto\/' class='btn custom-color btn-big btn-centered'  style='background: #97001f;'><span> Contratar<\/span><\/a><div class='clearfix'><\/div><\/div><\/div><\/section><\/section><section class='page-content custom-background color-background' style='background-color: #ffffff;margin-top: -50px;'  ><section class='container'><div class='row row-equal-height' style='margin-bottom: 0px ;'><div class='col-md-6 custom-background color-background' style='background-color: #ffffff;' ><div class='custom-heading'>\r\n                            <h3>Nuestros Servicios<\/h3>                            \r\n                        <\/div><ul class='service-list-big-icons-details clearfix '><li>\r\n                                <div class='icon-container'>\r\n                                    <img src='https:\/\/encaja.es\/peninsula\/wp-content\/uploads\/2015\/09\/pi-cargo-box-2-1.svg' alt='Trasteros y minialmacenes'>\r\n                                <\/div>\r\n\r\n                                <div class='service-details'>\r\n                                    <h4>Trasteros y minialmacenes<\/h4>\r\n\r\n                                    <p>Gran variedad de trasteros y minialmacenes, de tama\u00f1os y caracter\u00edsticas especificas seg\u00fan necesidad del cliente.<\/p>\r\n                                <\/div>\r\n                            <\/li><li>\r\n                                <div class='icon-container'>\r\n                                    <div class='icon'>\r\n                                   <i class=''><\/i>\r\n                                <\/div>\r\n                                <\/div>\r\n\r\n                                <div class='service-details'>\r\n                                    <h4>Otras soluciones de espacio<\/h4>\r\n\r\n                                    <p>Todo lo que necesitas para poner freno a tus problemas de almacenaje y espacio. Contacta con nosotros en el tel\u00e9fono <strong>949 34 86 20<\/strong> o en el email <strong>azuqueca@encaja.es<\/strong> y te ayudaremos de forma personalizada.<\/p>\r\n                                <\/div>\r\n                            <\/li><\/ul><\/div><div class='col-md-6  empty custom-background image-background' style='background-image: url(https:\/\/encaja.es\/peninsula\/wp-content\/uploads\/2017\/11\/img-1.jpg);padding-top:50px;padding-bottom:50px;' ><\/div><\/div><\/section><\/section><section class='page-content' style='margin-top: 100px;'  ><section class='container'><div class='row' style=''><div class='col-md-4 ' style='padding-top:50px;padding-bottom:50px;padding-left:50px;padding-right:50px;' ><div class='cma-wysiwyg-editor'><h3 style=\"text-align: center;\">\u00bfQu\u00e9 dicen nuestros clientes?<\/h3><\/div><div class='carousel-container'><div class='testimonials-carousel owl-carousel ' data-play='1' data-timeout='3000' data-navigation='dots'><div class='owl-item'>\r\n                                    <div class='testimonial '>\r\n                                        <p>Qued\u00e9 muy satisfecha. A pesar de ser la primera vez que he trabajado con vosotros, me hab\u00e9is transmitido la confianza y seguridad que s\u00f3lo me pod\u00eda aportar una empresa que conozco de toda la vida.<\/p>\r\n                                        <div class='testimonial-author'><p>Marc, <br\/><\/p><\/div>\r\n                                    <\/div>\r\n                                <\/div><div class='owl-item'>\r\n                                    <div class='testimonial '>\r\n                                        <p>Quisiera aprovechar este correo tambi\u00e9n para darles las gracias por el servicio prestado y destacar, no s\u00f3lo la profesionalidad con la que trabajaron todos los operarios<\/p>\r\n                                        <div class='testimonial-author'><p>Erika, <br\/><\/p><\/div>\r\n                                    <\/div>\r\n                                <\/div><div class='owl-item'>\r\n                                    <div class='testimonial '>\r\n                                        <p>\u00a1Muy satisfecha con el servicio prestado!\nRapidez, buen trato y profesionalidad.<\/p>\r\n                                        <div class='testimonial-author'><p>Esther, <br\/><\/p><\/div>\r\n                                    <\/div>\r\n                                <\/div><div class='owl-item'>\r\n                                    <div class='testimonial '>\r\n                                        <p>Es una compa\u00f1\u00eda que funciona muy bien, nosotros tuvimos la ocasi\u00f3n de trabajar con ellos y son muy competentes y con buenos precios!<\/p>\r\n                                        <div class='testimonial-author'><p>Miryam, <br\/><\/p><\/div>\r\n                                    <\/div>\r\n                                <\/div><\/div><\/div><\/div><div class='col-md-4 ' style='' ><div class='cma-wysiwyg-editor'><h3 style=\"text-align: center;\">FAQ\u2019s<\/h3><\/div><div class='accordion careers '><div class='title '><a title='\u00bfCu\u00e1nto cuesta el presupuesto previo?' href='#tab-11 '>\u00bfCu\u00e1nto cuesta el presupuesto previo?<\/a><\/div><div class='content'><p> Sin Coste.<\/p>\n<\/div><div class='title '><a title='\u00bfEn el caso de una incidencia tienen seguro?' href='#tab-22 '>\u00bfEn el caso de una incidencia tienen seguro?<\/a><\/div><div class='content'><p> Tenemos un Seguro contratado preguntar al comercial. El l\u00edmite del Seguro siempre lo puede ampliar el cliente tanto en las mudanzas como en el alquiler de los trasteros y guardamuebles.<\/p>\n<\/div><div class='title '><a title='\u00bfTrabajan solo a nivel local?' href='#tab-33 '>\u00bfTrabajan solo a nivel local?<\/a><\/div><div class='content'><p> En el caso de las mudanzas trabajamos a nivel local, nacional e internacional.<\/p>\n<\/div><\/div><a href='\/peninsula\/faqs' class='btn icon-animated custom-color btn-small btn-centered'  style='background: #97001f;'><span><i class='fa fa-question-circle'><\/i> Ver m\u00e1s preguntas<\/span><\/a><div class='clearfix'><\/div><\/div><div class='col-md-4 ' style='' ><div class='cma-wysiwyg-editor'><h3 style=\"text-align: center;\">\u00bfD\u00f3nde estamos?<\/h3><\/div><div class='cma-wysiwyg-editor'><p><iframe loading=\"lazy\" style=\"border: 0;\" src=\"https:\/\/www.google.com\/maps\/embed?pb=!1m14!1m8!1m3!1d12126.712127586354!2d-3.2739443!3d40.5487019!3m2!1i1024!2i768!4f13.1!3m3!1m2!1s0x0%3A0xeaae7253a782f836!2sEncaja!5e0!3m2!1ses!2ses!4v1528294086927\" width=\"400\" height=\"300\" frameborder=\"0\" allowfullscreen=\"allowfullscreen\"><\/iframe><\/p><\/div><\/div><\/div><\/section><\/section>\n","protected":false},"excerpt":{"rendered":"","protected":false},"author":1,"featured_media":0,"parent":0,"menu_order":0,"comment_status":"closed","ping_status":"closed","template":"","meta":{"inline_featured_image":false,"_monsterinsights_skip_tracking":false,"_monsterinsights_sitenote_active":false,"_monsterinsights_sitenote_note":"","_monsterinsights_sitenote_category":0,"footnotes":""},"class_list":["post-18","page","type-page","status-publish","hentry"],"yoast_head":"<!-- This site is optimized with the Yoast SEO plugin v27.4 - https:\/\/yoast.com\/product\/yoast-seo-wordpress\/ -->\n<title>Encaja, Trasteros y minialmacenes en Madrid y Guadalajara<\/title>\n<meta name=\"description\" content=\"Encaja ofrece trasteros y minialmacenes en alquiler en la zona centro de la pen\u00ednsula, Madrid y Guadalajara. Servicio de cajas multiusos a domicilio\" \/>\n<meta name=\"robots\" content=\"index, follow, max-snippet:-1, max-image-preview:large, max-video-preview:-1\" \/>\n<link rel=\"canonical\" href=\"https:\/\/encaja.es\/peninsula\/\" \/>\n<meta property=\"og:locale\" content=\"es_ES\" \/>\n<meta property=\"og:type\" content=\"article\" \/>\n<meta property=\"og:title\" content=\"Encaja, Trasteros y minialmacenes en Madrid y Guadalajara\" \/>\n<meta property=\"og:description\" content=\"Encaja ofrece trasteros y minialmacenes en alquiler en la zona centro de la pen\u00ednsula, Madrid y Guadalajara. Servicio de cajas multiusos a domicilio\" \/>\n<meta property=\"og:url\" content=\"https:\/\/encaja.es\/peninsula\/\" \/>\n<meta property=\"og:site_name\" content=\"Encaja - Pen\u00ednsula\" \/>\n<meta property=\"article:modified_time\" content=\"2024-06-24T10:25:26+00:00\" \/>\n<meta name=\"twitter:card\" content=\"summary_large_image\" \/>\n<script type=\"application\/ld+json\" class=\"yoast-schema-graph\">{\"@context\":\"https:\\\/\\\/schema.org\",\"@graph\":[{\"@type\":\"WebPage\",\"@id\":\"https:\\\/\\\/encaja.es\\\/peninsula\\\/\",\"url\":\"https:\\\/\\\/encaja.es\\\/peninsula\\\/\",\"name\":\"Encaja, Trasteros y minialmacenes en Madrid y Guadalajara\",\"isPartOf\":{\"@id\":\"https:\\\/\\\/encaja.es\\\/peninsula\\\/#website\"},\"datePublished\":\"2015-09-15T09:27:05+00:00\",\"dateModified\":\"2024-06-24T10:25:26+00:00\",\"description\":\"Encaja ofrece trasteros y minialmacenes en alquiler en la zona centro de la pen\u00ednsula, Madrid y Guadalajara. Servicio de cajas multiusos a domicilio\",\"breadcrumb\":{\"@id\":\"https:\\\/\\\/encaja.es\\\/peninsula\\\/#breadcrumb\"},\"inLanguage\":\"es\",\"potentialAction\":[{\"@type\":\"ReadAction\",\"target\":[\"https:\\\/\\\/encaja.es\\\/peninsula\\\/\"]}]},{\"@type\":\"BreadcrumbList\",\"@id\":\"https:\\\/\\\/encaja.es\\\/peninsula\\\/#breadcrumb\",\"itemListElement\":[{\"@type\":\"ListItem\",\"position\":1,\"name\":\"Portada\",\"item\":\"https:\\\/\\\/encaja.es\\\/peninsula\\\/\"},{\"@type\":\"ListItem\",\"position\":2,\"name\":\"Inicio\"}]},{\"@type\":\"WebSite\",\"@id\":\"https:\\\/\\\/encaja.es\\\/peninsula\\\/#website\",\"url\":\"https:\\\/\\\/encaja.es\\\/peninsula\\\/\",\"name\":\"Encaja - Pen\u00ednsula\",\"description\":\"Trasteros y mini almacenes\",\"potentialAction\":[{\"@type\":\"SearchAction\",\"target\":{\"@type\":\"EntryPoint\",\"urlTemplate\":\"https:\\\/\\\/encaja.es\\\/peninsula\\\/?s={search_term_string}\"},\"query-input\":{\"@type\":\"PropertyValueSpecification\",\"valueRequired\":true,\"valueName\":\"search_term_string\"}}],\"inLanguage\":\"es\"}]}<\/script>\n<!-- \/ Yoast SEO plugin. -->","yoast_head_json":{"title":"Encaja, Trasteros y minialmacenes en Madrid y Guadalajara","description":"Encaja ofrece trasteros y minialmacenes en alquiler en la zona centro de la pen\u00ednsula, Madrid y Guadalajara. Servicio de cajas multiusos a domicilio","robots":{"index":"index","follow":"follow","max-snippet":"max-snippet:-1","max-image-preview":"max-image-preview:large","max-video-preview":"max-video-preview:-1"},"canonical":"https:\/\/encaja.es\/peninsula\/","og_locale":"es_ES","og_type":"article","og_title":"Encaja, Trasteros y minialmacenes en Madrid y Guadalajara","og_description":"Encaja ofrece trasteros y minialmacenes en alquiler en la zona centro de la pen\u00ednsula, Madrid y Guadalajara. Servicio de cajas multiusos a domicilio","og_url":"https:\/\/encaja.es\/peninsula\/","og_site_name":"Encaja - Pen\u00ednsula","article_modified_time":"2024-06-24T10:25:26+00:00","twitter_card":"summary_large_image","schema":{"@context":"https:\/\/schema.org","@graph":[{"@type":"WebPage","@id":"https:\/\/encaja.es\/peninsula\/","url":"https:\/\/encaja.es\/peninsula\/","name":"Encaja, Trasteros y minialmacenes en Madrid y Guadalajara","isPartOf":{"@id":"https:\/\/encaja.es\/peninsula\/#website"},"datePublished":"2015-09-15T09:27:05+00:00","dateModified":"2024-06-24T10:25:26+00:00","description":"Encaja ofrece trasteros y minialmacenes en alquiler en la zona centro de la pen\u00ednsula, Madrid y Guadalajara. Servicio de cajas multiusos a domicilio","breadcrumb":{"@id":"https:\/\/encaja.es\/peninsula\/#breadcrumb"},"inLanguage":"es","potentialAction":[{"@type":"ReadAction","target":["https:\/\/encaja.es\/peninsula\/"]}]},{"@type":"BreadcrumbList","@id":"https:\/\/encaja.es\/peninsula\/#breadcrumb","itemListElement":[{"@type":"ListItem","position":1,"name":"Portada","item":"https:\/\/encaja.es\/peninsula\/"},{"@type":"ListItem","position":2,"name":"Inicio"}]},{"@type":"WebSite","@id":"https:\/\/encaja.es\/peninsula\/#website","url":"https:\/\/encaja.es\/peninsula\/","name":"Encaja - Pen\u00ednsula","description":"Trasteros y mini almacenes","potentialAction":[{"@type":"SearchAction","target":{"@type":"EntryPoint","urlTemplate":"https:\/\/encaja.es\/peninsula\/?s={search_term_string}"},"query-input":{"@type":"PropertyValueSpecification","valueRequired":true,"valueName":"search_term_string"}}],"inLanguage":"es"}]}},"_links":{"self":[{"href":"https:\/\/encaja.es\/peninsula\/wp-json\/wp\/v2\/pages\/18","targetHints":{"allow":["GET"]}}],"collection":[{"href":"https:\/\/encaja.es\/peninsula\/wp-json\/wp\/v2\/pages"}],"about":[{"href":"https:\/\/encaja.es\/peninsula\/wp-json\/wp\/v2\/types\/page"}],"author":[{"embeddable":true,"href":"https:\/\/encaja.es\/peninsula\/wp-json\/wp\/v2\/users\/1"}],"replies":[{"embeddable":true,"href":"https:\/\/encaja.es\/peninsula\/wp-json\/wp\/v2\/comments?post=18"}],"version-history":[{"count":53,"href":"https:\/\/encaja.es\/peninsula\/wp-json\/wp\/v2\/pages\/18\/revisions"}],"predecessor-version":[{"id":5018,"href":"https:\/\/encaja.es\/peninsula\/wp-json\/wp\/v2\/pages\/18\/revisions\/5018"}],"wp:attachment":[{"href":"https:\/\/encaja.es\/peninsula\/wp-json\/wp\/v2\/media?parent=18"}],"curies":[{"name":"wp","href":"https:\/\/api.w.org\/{rel}","templated":true}]}}