{"id":860,"date":"2017-10-31T02:28:47","date_gmt":"2017-10-31T01:28:47","guid":{"rendered":"http:\/\/encaja.es\/peninsula\/?page_id=860"},"modified":"2018-08-04T20:53:44","modified_gmt":"2018-08-04T18:53:44","slug":"instalaciones","status":"publish","type":"page","link":"https:\/\/encaja.es\/peninsula\/instalaciones\/","title":{"rendered":"Instalaciones"},"content":{"rendered":"<section class='page-content' style=''  ><section class='container'><div class='row' style=''><div class='col-md-7 ' style='margin-top:5px;' ><div class='custom-heading'>\r\n                            <h2>Instalaciones para almacenaje<\/h2>                            \r\n                        <\/div><div class='cma-wysiwyg-editor'><p>Contamos con los centros de instalaciones para almacenaje m\u00e1s modernos e innovadores, nuestros servicios est\u00e1n especializados en:<\/p><ul><li>Mudanzas<\/li><li>Guardamuebles<\/li><li>Alquiler de Trasteros<\/li><li>Gesti\u00f3n Documental<\/li><br><\/ul><h4>M\u00e1xima\u00a0Seguridad<\/h4><p>Todos nuestros centros est\u00e1n equipados con c\u00e1maras CCTV y conectados a una central de alarmas.<\/p><p>Para acceder a tu trastero te proporcionaremos un c\u00f3digo personal y una tarjeta \u00a0de proximidad que te permitir\u00e1 el acceso a nuestras instalaciones \u00a0y desactivar la alarma individual de tu trastero.<\/p><h4>Acceso 24 horas\/365 d\u00edas<\/h4><p>Accede a tu trastero cuando lo necesites sin horarios sin coste adicional.<\/p><h4>Econ\u00f3mico<\/h4><p>Guarda tus cosas o cambia de casa u oficina de la forma m\u00e1s econ\u00f3mica. Aprovecha nuestras ofertas y reduce a\u00fan m\u00e1s tus costes.<\/p><\/div><ul class='vehicle-gallery clearfix'><li class='col-md-3'>\r\n                            <figure class='gallery-item-container'>                               \r\n                                <div class='gallery-item'>\r\n                                    <img src='https:\/\/encaja.es\/peninsula\/wp-content\/uploads\/bfi_thumb\/L9A7402-qddgh02lwfjuo2oqyxuogaq64b0x9yf3iid1d8knz8.jpeg' alt='gallery-image'>\r\n\r\n                                    <div class='hover-mask-container'>\r\n                                        <div class='hover-mask'><\/div>\r\n                                        <div class='hover-zoom'>\r\n                                            <a href='https:\/\/encaja.es\/peninsula\/wp-content\/uploads\/2017\/11\/L9A7402.jpeg' class='triggerZoom fa fa-search'><\/a>\r\n                                        <\/div>\r\n                                    <\/div>\r\n                                <\/div>\r\n\r\n                                \r\n                            <\/figure>\r\n                        <\/li><li class='col-md-3'>\r\n                            <figure class='gallery-item-container'>                               \r\n                                <div class='gallery-item'>\r\n                                    <img src='https:\/\/encaja.es\/peninsula\/wp-content\/uploads\/bfi_thumb\/L9A7405-qddgh02lwfjuo2oqyxuogaq64b0x9yf3iid1d8knz8.jpeg' alt='gallery-image'>\r\n\r\n                                    <div class='hover-mask-container'>\r\n                                        <div class='hover-mask'><\/div>\r\n                                        <div class='hover-zoom'>\r\n                                            <a href='https:\/\/encaja.es\/peninsula\/wp-content\/uploads\/2017\/11\/L9A7405.jpeg' class='triggerZoom fa fa-search'><\/a>\r\n                                        <\/div>\r\n                                    <\/div>\r\n                                <\/div>\r\n\r\n                                \r\n                            <\/figure>\r\n                        <\/li><li class='col-md-3'>\r\n                            <figure class='gallery-item-container'>                               \r\n                                <div class='gallery-item'>\r\n                                    <img src='https:\/\/encaja.es\/peninsula\/wp-content\/uploads\/bfi_thumb\/L9A7407-qddgh02lwfjuo2oqyxuogaq64b0x9yf3iid1d8knz8.jpeg' alt='gallery-image'>\r\n\r\n                                    <div class='hover-mask-container'>\r\n                                        <div class='hover-mask'><\/div>\r\n                                        <div class='hover-zoom'>\r\n                                            <a href='https:\/\/encaja.es\/peninsula\/wp-content\/uploads\/2017\/11\/L9A7407.jpeg' class='triggerZoom fa fa-search'><\/a>\r\n                                        <\/div>\r\n                                    <\/div>\r\n                                <\/div>\r\n\r\n                                \r\n                            <\/figure>\r\n                        <\/li><li class='col-md-3'>\r\n                            <figure class='gallery-item-container'>                               \r\n                                <div class='gallery-item'>\r\n                                    <img src='https:\/\/encaja.es\/peninsula\/wp-content\/uploads\/bfi_thumb\/L9A7408-qddgh02lwfjuo2oqyxuogaq64b0x9yf3iid1d8knz8.jpeg' alt='gallery-image'>\r\n\r\n                                    <div class='hover-mask-container'>\r\n                                        <div class='hover-mask'><\/div>\r\n                                        <div class='hover-zoom'>\r\n                                            <a href='https:\/\/encaja.es\/peninsula\/wp-content\/uploads\/2017\/11\/L9A7408.jpeg' class='triggerZoom fa fa-search'><\/a>\r\n                                        <\/div>\r\n                                    <\/div>\r\n                                <\/div>\r\n\r\n                                \r\n                            <\/figure>\r\n                        <\/li><li class='col-md-3'>\r\n                            <figure class='gallery-item-container'>                               \r\n                                <div class='gallery-item'>\r\n                                    <img src='https:\/\/encaja.es\/peninsula\/wp-content\/uploads\/bfi_thumb\/L9A7413-qddgh02lwfjuo2oqyxuogaq64b0x9yf3iid1d8knz8.jpeg' alt='gallery-image'>\r\n\r\n                                    <div class='hover-mask-container'>\r\n                                        <div class='hover-mask'><\/div>\r\n                                        <div class='hover-zoom'>\r\n                                            <a href='https:\/\/encaja.es\/peninsula\/wp-content\/uploads\/2017\/11\/L9A7413.jpeg' class='triggerZoom fa fa-search'><\/a>\r\n                                        <\/div>\r\n                                    <\/div>\r\n                                <\/div>\r\n\r\n                                \r\n                            <\/figure>\r\n                        <\/li><li class='col-md-3'>\r\n                            <figure class='gallery-item-container'>                               \r\n                                <div class='gallery-item'>\r\n                                    <img src='https:\/\/encaja.es\/peninsula\/wp-content\/uploads\/bfi_thumb\/L9A7414-qddgh02lwfjuo2oqyxuogaq64b0x9yf3iid1d8knz8.jpeg' alt='gallery-image'>\r\n\r\n                                    <div class='hover-mask-container'>\r\n                                        <div class='hover-mask'><\/div>\r\n                                        <div class='hover-zoom'>\r\n                                            <a href='https:\/\/encaja.es\/peninsula\/wp-content\/uploads\/2017\/11\/L9A7414.jpeg' class='triggerZoom fa fa-search'><\/a>\r\n                                        <\/div>\r\n                                    <\/div>\r\n                                <\/div>\r\n\r\n                                \r\n                            <\/figure>\r\n                        <\/li><li class='col-md-3'>\r\n                            <figure class='gallery-item-container'>                               \r\n                                <div class='gallery-item'>\r\n                                    <img src='https:\/\/encaja.es\/peninsula\/wp-content\/uploads\/bfi_thumb\/L9A7423-qddgh02lwfjuo2oqyxuogaq64b0x9yf3iid1d8knz8.jpeg' alt='gallery-image'>\r\n\r\n                                    <div class='hover-mask-container'>\r\n                                        <div class='hover-mask'><\/div>\r\n                                        <div class='hover-zoom'>\r\n                                            <a href='https:\/\/encaja.es\/peninsula\/wp-content\/uploads\/2017\/11\/L9A7423.jpeg' class='triggerZoom fa fa-search'><\/a>\r\n                                        <\/div>\r\n                                    <\/div>\r\n                                <\/div>\r\n\r\n                                \r\n                            <\/figure>\r\n                        <\/li><li class='col-md-3'>\r\n                            <figure class='gallery-item-container'>                               \r\n                                <div class='gallery-item'>\r\n                                    <img src='https:\/\/encaja.es\/peninsula\/wp-content\/uploads\/bfi_thumb\/L9A7424-qddgh02lwfjuo2oqyxuogaq64b0x9yf3iid1d8knz8.jpeg' alt='gallery-image'>\r\n\r\n                                    <div class='hover-mask-container'>\r\n                                        <div class='hover-mask'><\/div>\r\n                                        <div class='hover-zoom'>\r\n                                            <a href='https:\/\/encaja.es\/peninsula\/wp-content\/uploads\/2017\/11\/L9A7424.jpeg' class='triggerZoom fa fa-search'><\/a>\r\n                                        <\/div>\r\n                                    <\/div>\r\n                                <\/div>\r\n\r\n                                \r\n                            <\/figure>\r\n                        <\/li><li class='col-md-3'>\r\n                            <figure class='gallery-item-container'>                               \r\n                                <div class='gallery-item'>\r\n                                    <img src='https:\/\/encaja.es\/peninsula\/wp-content\/uploads\/bfi_thumb\/L9A7428-qddgh02lwfjuo2oqyxuogaq64b0x9yf3iid1d8knz8.jpeg' alt='gallery-image'>\r\n\r\n                                    <div class='hover-mask-container'>\r\n                                        <div class='hover-mask'><\/div>\r\n                                        <div class='hover-zoom'>\r\n                                            <a href='https:\/\/encaja.es\/peninsula\/wp-content\/uploads\/2017\/11\/L9A7428.jpeg' class='triggerZoom fa fa-search'><\/a>\r\n                                        <\/div>\r\n                                    <\/div>\r\n                                <\/div>\r\n\r\n                                \r\n                            <\/figure>\r\n                        <\/li><li class='col-md-3'>\r\n                            <figure class='gallery-item-container'>                               \r\n                                <div class='gallery-item'>\r\n                                    <img src='https:\/\/encaja.es\/peninsula\/wp-content\/uploads\/bfi_thumb\/L9A7429-qddgh02lwfjuo2oqyxuogaq64b0x9yf3iid1d8knz8.jpeg' alt='gallery-image'>\r\n\r\n                                    <div class='hover-mask-container'>\r\n                                        <div class='hover-mask'><\/div>\r\n                                        <div class='hover-zoom'>\r\n                                            <a href='https:\/\/encaja.es\/peninsula\/wp-content\/uploads\/2017\/11\/L9A7429.jpeg' class='triggerZoom fa fa-search'><\/a>\r\n                                        <\/div>\r\n                                    <\/div>\r\n                                <\/div>\r\n\r\n                                \r\n                            <\/figure>\r\n                        <\/li><li class='col-md-3'>\r\n                            <figure class='gallery-item-container'>                               \r\n                                <div class='gallery-item'>\r\n                                    <img src='https:\/\/encaja.es\/peninsula\/wp-content\/uploads\/bfi_thumb\/L9A7431-qddgh02lwfjuo2oqyxuogaq64b0x9yf3iid1d8knz8.jpeg' alt='gallery-image'>\r\n\r\n                                    <div class='hover-mask-container'>\r\n                                        <div class='hover-mask'><\/div>\r\n                                        <div class='hover-zoom'>\r\n                                            <a href='https:\/\/encaja.es\/peninsula\/wp-content\/uploads\/2017\/11\/L9A7431.jpeg' class='triggerZoom fa fa-search'><\/a>\r\n                                        <\/div>\r\n                                    <\/div>\r\n                                <\/div>\r\n\r\n                                \r\n                            <\/figure>\r\n                        <\/li><li class='col-md-3'>\r\n                            <figure class='gallery-item-container'>                               \r\n                                <div class='gallery-item'>\r\n                                    <img src='https:\/\/encaja.es\/peninsula\/wp-content\/uploads\/bfi_thumb\/L9A7434-qddgh02lwfjuo2oqyxuogaq64b0x9yf3iid1d8knz8.jpeg' alt='gallery-image'>\r\n\r\n                                    <div class='hover-mask-container'>\r\n                                        <div class='hover-mask'><\/div>\r\n                                        <div class='hover-zoom'>\r\n                                            <a href='https:\/\/encaja.es\/peninsula\/wp-content\/uploads\/2017\/11\/L9A7434.jpeg' class='triggerZoom fa fa-search'><\/a>\r\n                                        <\/div>\r\n                                    <\/div>\r\n                                <\/div>\r\n\r\n                                \r\n                            <\/figure>\r\n                        <\/li><\/ul><\/div><div class='col-md-5 ' style='' ><ul class='service-list-big-icons-details clearfix '><li>\r\n                                <div class='icon-container'>\r\n                                    <div class='icon'>\r\n                                   <i class='fa fa-clock-o'><\/i>\r\n                                <\/div>\r\n                                <\/div>\r\n\r\n                                <div class='service-details'>\r\n                                    <h4>Acceso 24h \/ 365<\/h4>\r\n\r\n                                    <p>Accede a tu almac\u00e9n cuando lo necesites, sin horarios ni costes adicionales.<\/p>\r\n                                <\/div>\r\n                            <\/li><li>\r\n                                <div class='icon-container'>\r\n                                    <div class='icon'>\r\n                                   <i class='fa fa-truck'><\/i>\r\n                                <\/div>\r\n                                <\/div>\r\n\r\n                                <div class='service-details'>\r\n                                    <h4>M\u00e1xima Seguridad<\/h4>\r\n\r\n                                    <p>Todos nuestros centros est\u00e1n equipados con c\u00e1maras de CCTV y conectados a una central de alarmas.<\/p>\r\n                                <\/div>\r\n                            <\/li><li>\r\n                                <div class='icon-container'>\r\n                                    <div class='icon'>\r\n                                   <i class='fa fa-usd'><\/i>\r\n                                <\/div>\r\n                                <\/div>\r\n\r\n                                <div class='service-details'>\r\n                                    <h4>Econ\u00f3mico<\/h4>\r\n\r\n                                    <p>Guarda tus cosas o cambia de casa u oficina de la forma mas econ\u00f3mica. Aprovecha nuestras ofertas y reduce a\u00fan mas tus costes.<\/p>\r\n                                <\/div>\r\n                            <\/li><\/ul><div class='custom-heading centered'>\r\n                            <h4>\u00bfMas informaci\u00f3n?<\/h4>\r\n                        <\/div><a href='\/peninsula\/presupuesto\/' class='btn icon-animated custom-color btn-big btn-centered'  style='background: #97001f;'><span><i class='fa fa-envelope'><\/i> Cont\u00e1ctanos <\/span><\/a><div class='clearfix'><\/div><\/div><\/div><\/section><\/section>\n","protected":false},"excerpt":{"rendered":"","protected":false},"author":1,"featured_media":0,"parent":0,"menu_order":0,"comment_status":"closed","ping_status":"closed","template":"","meta":{"inline_featured_image":false,"_monsterinsights_skip_tracking":false,"_monsterinsights_sitenote_active":false,"_monsterinsights_sitenote_note":"","_monsterinsights_sitenote_category":0,"footnotes":""},"class_list":["post-860","page","type-page","status-publish","hentry"],"yoast_head":"<!-- This site is optimized with the Yoast SEO plugin v27.4 - https:\/\/yoast.com\/product\/yoast-seo-wordpress\/ -->\n<title>Instalaciones - Encaja - Pen\u00ednsula<\/title>\n<meta name=\"robots\" content=\"index, follow, max-snippet:-1, max-image-preview:large, max-video-preview:-1\" \/>\n<link rel=\"canonical\" href=\"https:\/\/encaja.es\/peninsula\/instalaciones\/\" \/>\n<meta property=\"og:locale\" content=\"es_ES\" \/>\n<meta property=\"og:type\" content=\"article\" \/>\n<meta property=\"og:title\" content=\"Instalaciones - Encaja - Pen\u00ednsula\" \/>\n<meta property=\"og:url\" content=\"https:\/\/encaja.es\/peninsula\/instalaciones\/\" \/>\n<meta property=\"og:site_name\" content=\"Encaja - Pen\u00ednsula\" \/>\n<meta property=\"article:modified_time\" content=\"2018-08-04T18:53:44+00:00\" \/>\n<meta name=\"twitter:card\" content=\"summary_large_image\" \/>\n<meta name=\"twitter:label1\" content=\"Tiempo de lectura\" \/>\n\t<meta name=\"twitter:data1\" content=\"1 minuto\" \/>\n<script type=\"application\/ld+json\" class=\"yoast-schema-graph\">{\"@context\":\"https:\\\/\\\/schema.org\",\"@graph\":[{\"@type\":\"WebPage\",\"@id\":\"https:\\\/\\\/encaja.es\\\/peninsula\\\/instalaciones\\\/\",\"url\":\"https:\\\/\\\/encaja.es\\\/peninsula\\\/instalaciones\\\/\",\"name\":\"Instalaciones - Encaja - Pen\u00ednsula\",\"isPartOf\":{\"@id\":\"https:\\\/\\\/encaja.es\\\/peninsula\\\/#website\"},\"datePublished\":\"2017-10-31T01:28:47+00:00\",\"dateModified\":\"2018-08-04T18:53:44+00:00\",\"breadcrumb\":{\"@id\":\"https:\\\/\\\/encaja.es\\\/peninsula\\\/instalaciones\\\/#breadcrumb\"},\"inLanguage\":\"es\",\"potentialAction\":[{\"@type\":\"ReadAction\",\"target\":[\"https:\\\/\\\/encaja.es\\\/peninsula\\\/instalaciones\\\/\"]}]},{\"@type\":\"BreadcrumbList\",\"@id\":\"https:\\\/\\\/encaja.es\\\/peninsula\\\/instalaciones\\\/#breadcrumb\",\"itemListElement\":[{\"@type\":\"ListItem\",\"position\":1,\"name\":\"Portada\",\"item\":\"https:\\\/\\\/encaja.es\\\/peninsula\\\/\"},{\"@type\":\"ListItem\",\"position\":2,\"name\":\"Instalaciones\"}]},{\"@type\":\"WebSite\",\"@id\":\"https:\\\/\\\/encaja.es\\\/peninsula\\\/#website\",\"url\":\"https:\\\/\\\/encaja.es\\\/peninsula\\\/\",\"name\":\"Encaja - Pen\u00ednsula\",\"description\":\"Trasteros y mini almacenes\",\"potentialAction\":[{\"@type\":\"SearchAction\",\"target\":{\"@type\":\"EntryPoint\",\"urlTemplate\":\"https:\\\/\\\/encaja.es\\\/peninsula\\\/?s={search_term_string}\"},\"query-input\":{\"@type\":\"PropertyValueSpecification\",\"valueRequired\":true,\"valueName\":\"search_term_string\"}}],\"inLanguage\":\"es\"}]}<\/script>\n<!-- \/ Yoast SEO plugin. -->","yoast_head_json":{"title":"Instalaciones - Encaja - Pen\u00ednsula","robots":{"index":"index","follow":"follow","max-snippet":"max-snippet:-1","max-image-preview":"max-image-preview:large","max-video-preview":"max-video-preview:-1"},"canonical":"https:\/\/encaja.es\/peninsula\/instalaciones\/","og_locale":"es_ES","og_type":"article","og_title":"Instalaciones - Encaja - Pen\u00ednsula","og_url":"https:\/\/encaja.es\/peninsula\/instalaciones\/","og_site_name":"Encaja - Pen\u00ednsula","article_modified_time":"2018-08-04T18:53:44+00:00","twitter_card":"summary_large_image","twitter_misc":{"Tiempo de lectura":"1 minuto"},"schema":{"@context":"https:\/\/schema.org","@graph":[{"@type":"WebPage","@id":"https:\/\/encaja.es\/peninsula\/instalaciones\/","url":"https:\/\/encaja.es\/peninsula\/instalaciones\/","name":"Instalaciones - Encaja - Pen\u00ednsula","isPartOf":{"@id":"https:\/\/encaja.es\/peninsula\/#website"},"datePublished":"2017-10-31T01:28:47+00:00","dateModified":"2018-08-04T18:53:44+00:00","breadcrumb":{"@id":"https:\/\/encaja.es\/peninsula\/instalaciones\/#breadcrumb"},"inLanguage":"es","potentialAction":[{"@type":"ReadAction","target":["https:\/\/encaja.es\/peninsula\/instalaciones\/"]}]},{"@type":"BreadcrumbList","@id":"https:\/\/encaja.es\/peninsula\/instalaciones\/#breadcrumb","itemListElement":[{"@type":"ListItem","position":1,"name":"Portada","item":"https:\/\/encaja.es\/peninsula\/"},{"@type":"ListItem","position":2,"name":"Instalaciones"}]},{"@type":"WebSite","@id":"https:\/\/encaja.es\/peninsula\/#website","url":"https:\/\/encaja.es\/peninsula\/","name":"Encaja - Pen\u00ednsula","description":"Trasteros y mini almacenes","potentialAction":[{"@type":"SearchAction","target":{"@type":"EntryPoint","urlTemplate":"https:\/\/encaja.es\/peninsula\/?s={search_term_string}"},"query-input":{"@type":"PropertyValueSpecification","valueRequired":true,"valueName":"search_term_string"}}],"inLanguage":"es"}]}},"_links":{"self":[{"href":"https:\/\/encaja.es\/peninsula\/wp-json\/wp\/v2\/pages\/860","targetHints":{"allow":["GET"]}}],"collection":[{"href":"https:\/\/encaja.es\/peninsula\/wp-json\/wp\/v2\/pages"}],"about":[{"href":"https:\/\/encaja.es\/peninsula\/wp-json\/wp\/v2\/types\/page"}],"author":[{"embeddable":true,"href":"https:\/\/encaja.es\/peninsula\/wp-json\/wp\/v2\/users\/1"}],"replies":[{"embeddable":true,"href":"https:\/\/encaja.es\/peninsula\/wp-json\/wp\/v2\/comments?post=860"}],"version-history":[{"count":3,"href":"https:\/\/encaja.es\/peninsula\/wp-json\/wp\/v2\/pages\/860\/revisions"}],"predecessor-version":[{"id":980,"href":"https:\/\/encaja.es\/peninsula\/wp-json\/wp\/v2\/pages\/860\/revisions\/980"}],"wp:attachment":[{"href":"https:\/\/encaja.es\/peninsula\/wp-json\/wp\/v2\/media?parent=860"}],"curies":[{"name":"wp","href":"https:\/\/api.w.org\/{rel}","templated":true}]}}