{"id":989,"date":"2017-11-06T04:08:23","date_gmt":"2017-11-06T03:08:23","guid":{"rendered":"http:\/\/encaja.es\/peninsula\/?page_id=989"},"modified":"2018-04-26T21:27:16","modified_gmt":"2018-04-26T19:27:16","slug":"politica-de-cookies","status":"publish","type":"page","link":"https:\/\/encaja.es\/peninsula\/politica-de-cookies\/","title":{"rendered":"Pol\u00edtica de cookies"},"content":{"rendered":"<section class='page-content' style=''  ><section class='container'><div class='row' style=''><div class='col-md-12 ' style='' ><div class='cma-wysiwyg-editor'><p><strong>INFORMACI\u00d3N SOBRE COOKIES<\/strong><\/p><p>Debido a la entrada en vigor de la referente modificaci\u00f3n de la \u201cLey de Servicios de la Sociedad de la Informaci\u00f3n\u201d (LSSICE) establecida por el Real Decreto 13\/2012, es de obligaci\u00f3n obtener el consentimiento expreso del usuario de todas las p\u00e1ginas web que usan cookies prescindibles, antes de que \u00e9ste navegue por ellas.<\/p><p><strong><u>1.- Definici\u00f3n y funci\u00f3n de las cookies<\/u><\/strong><\/p><p>Una cookie es un fichero que se descarga en el ordenador\/smartphone\/Tablet (equipo) del usuario al acceder a determinadas p\u00e1ginas web para almacenar y recuperar informaci\u00f3n sobre la navegaci\u00f3n o h\u00e1bitos de navegaci\u00f3n que se efect\u00faa desde dicho equipo. Dependiendo de la informaci\u00f3n que contenga y de la forma de uso del equipo, se podr\u00eda reconocer al usuario. Para conocer m\u00e1s informaci\u00f3n sobre las cookies, <strong>\u201cEncaja Canarias 2006, S.L.\u201d<\/strong> le invita a acceder al siguiente enlace: <a href=\"http:\/\/es.wikipedia.org\/wiki\/Cookie_%28inform%C3%A1tica%29\">http:\/\/es.wikipedia.org\/wiki\/Cookie_%28inform%C3%A1tica%29<\/a>.<\/p><p><strong>2.- Qu\u00e9 tipos de cookies utiliza<\/strong> \u00a0\u00a0<a href=\"http:\/\/www.encaja.es\">www.encaja.es<\/a><\/p><p>Cookies propias: Son aqu\u00e9llas que se env\u00edan al equipo terminal del usuario desde un equipo o dominio gestionado por el propio editor\u00a0 y desde el que se presta el servicio solicitado por el usuario.<\/p><ul><li>Cookies de tercero: Son aqu\u00e9llas que se env\u00edan al equipo terminal del usuario desde un equipo o dominio que no es gestionado por el editor, sino por otra entidad que trata los datos obtenidos trav\u00e9s de las cookies.<\/li><li>Cookies de sesi\u00f3n: Son un tipo de cookies dise\u00f1adas para recabar y almacenar datos mientras el usuario accede a una p\u00e1gina web.<\/li><li>Cookies persistentes: Son un tipo de cookies en el que los datos siguen almacenados en el terminal y pueden ser accedidos y tratados durante un periodo definido por el responsable de la cookie y que puede ir de unos minutos a varios a\u00f1os.<\/li><li>Cookies de an\u00e1lisis: Son aqu\u00e9llas que bien tratadas por nosotros o por terceros, nos permiten cuantificar el n\u00famero de usuarios y as\u00ed realizar la medici\u00f3n y an\u00e1lisis estad\u00edstico de la utilizaci\u00f3n que hacen los usuarios del servicio ofertado. Para ello se analiza su navegaci\u00f3n en nuestra p\u00e1gina web con el fin de mejorar la oferta de productos o servicios que le ofrecemos.<\/li><\/ul><p><strong>2.1 Sobre los tipos de cookies, existen cinco grandes grupos<\/strong>:<\/p><p>Cookies anal\u00edticas: recogen informaci\u00f3n del uso que se realiza del sitio web.<\/p><p>Cookies sociales: son aquellas necesarias para redes sociales externas.<\/p><p>Cookies de afiliados: permiten hacer un seguimiento de las visitas procedentes de otras webs, con las que el sitio web establece un contrato de afiliaci\u00f3n (empresas de afiliaci\u00f3n).<\/p><p>Cookies de publicidad y comportamentales: recogen informaci\u00f3n sobre las preferencias y elecciones personales del usuario (retargeting).<\/p><p>Cookies t\u00e9cnicas y funcionales: son las estrictamente necesarias para el uso del sitio web y para la prestaci\u00f3n del servicio contratado.<\/p><p><strong><u>3.- Desactivaci\u00f3n, revocaci\u00f3n o eliminaci\u00f3n de cookies<\/u><\/strong><u>.<\/u><\/p><p>El usuario podr\u00e1, en cualquier momento, permitir, bloquear o eliminar las cookies instaladas en su equipo mediante la configuraci\u00f3n de las opciones del navegador, en caso que no permita la instalaci\u00f3n de cookies en su navegador es posible que no pueda acceder a alguna de las secciones de nuestra web.<\/p><ul><li>la configuraci\u00f3n del <strong>navegador<\/strong>; por ejemplo:<ul><li><strong>Chrome<\/strong>, desde <a href=\"http:\/\/support.google.com\/chrome\/bin\/answer.py?hl=es&amp;answer=95647\">http:\/\/support.google.com\/chrome\/bin\/answer.py?hl=es&amp;answer=95647 <\/a><\/li><li><strong>Explorer<\/strong>, desde <a href=\"http:\/\/windows.microsoft.com\/es-es\/windows7\/how-to-manage-cookies-in-internet-explorer-9\">http:\/\/windows.microsoft.com\/es-es\/windows7\/how-to-manage-cookies-in-internet-explorer-9<\/a><\/li><li><strong>Firefox<\/strong>, desde <a href=\"http:\/\/support.mozilla.org\/es\/kb\/habilitar-y-deshabilitar-cookies-que-los-sitios-we\">http:\/\/support.mozilla.org\/es\/kb\/habilitar-y-deshabilitar-cookies-que-los-sitios-we<\/a><\/li><li><strong>Safari<\/strong>, desde <a href=\"http:\/\/support.apple.com\/kb\/ph5042\">http:\/\/support.apple.com\/kb\/ph5042<\/a><\/li><li><strong>\u00d3pera, <\/strong>desde <a href=\"http:\/\/help.opera.com\/Linux\/10.60\/es-ES\/cookies.html\">http:\/\/help.opera.com\/Linux\/10.60\/es-ES\/cookies.html<\/a><\/li><\/ul><\/li><li>los sistemas de opt-out espec\u00edficos, respecto de la cookie de que se trate (estos sistemas pueden conllevar que se instale en su equipo una cookie \"de rechazo\" para que funcione su elecci\u00f3n de desactivaci\u00f3n);<\/li><li>otras herramientas de terceros, disponibles on line, que permiten a los usuarios detectar las cookies en cada sitio web que visita y gestionar su desactivaci\u00f3n (por ejemplo, Ghostery: <a href=\"http:\/\/www.ghostery.com\/privacy-statement\">http:\/\/www.ghostery.com\/privacy-statement<\/a>, <a href=\"http:\/\/www.ghostery.com\/faq\">http:\/\/www.ghostery.com\/faq<\/a>).<\/li><\/ul><p><strong>\u00a0<\/strong><\/p><p><strong><u>4.- Cookies utilizadas<\/u><\/strong><u>.<\/u> <strong>\u201cEncaja Canarias 2006, S.L.\u201d<\/strong> utiliza en este sitio web las siguientes cookies que se detallan a continuaci\u00f3n:<\/p><p><strong>Cookies Anal\u00edticas<\/strong><\/p><ul><li>utma: Se utiliza para hacer un recuento de cuantas veces visita el sitio un usuario. Caduca a los 2 a\u00f1os.<\/li><li>utmz: Se utiliza para saber c\u00f3mo ha llegado un usuario a la web. Caduca a los 6 meses<\/li><li>utmb: Se utiliza para calcular el tiempo que ha estado el usuario en la web para fines estad\u00edsticos. Caduca a los 30 minutos desde el \u00faltimo registro de p\u00e1gina vista.<\/li><li>utmc: Se usa para calcular el tiempo que ha estado el usuario en la web para fines estad\u00edsticos. Caduca al finalizar la sesi\u00f3n.<\/li><li>\u00a0infCookie: Informa si se ha visualizado el mensaje de informaci\u00f3n sobre el uso de las cookies en la web. Caduca a los 5 a\u00f1os.<\/li><li>has_js: Informa si se ha habilitado javascript en la configuraci\u00f3n del navegador. Caduca cuando se cierra el navegador \u2022\u00a0 SESS*: Se utiliza para almacenar el id de la sesi\u00f3n de PHP, siendo * un valor alfanum\u00e9rico largo. Caduca cuando se cierra el navegador.<\/li><li>La cookie identificadora de sesi\u00f3n en caso de utilizar el formulario de correo, para poder utilizar el c\u00f3digo de verificaci\u00f3n anti-spam del formulario, con nombre PHPSESSID y contenido variable en funci\u00f3n del identificador de sesi\u00f3n del navegador.<\/li><li>La Cookie de dominio <a href=\"http:\/\/www.encaja.es\">www.encaja.es<\/a>, por donde ser\u00e1 redireccionada la web hacia su alojamiento final, el cu\u00e1l no realiza carga de ninguna otra cookie<\/li><li>Y las cookies que cargan tanto Google como Facebook al usar sus plugins<\/li><\/ul><\/div><\/div><\/div><\/section><\/section>\n","protected":false},"excerpt":{"rendered":"","protected":false},"author":1,"featured_media":0,"parent":0,"menu_order":0,"comment_status":"closed","ping_status":"closed","template":"","meta":{"inline_featured_image":false,"_monsterinsights_skip_tracking":false,"_monsterinsights_sitenote_active":false,"_monsterinsights_sitenote_note":"","_monsterinsights_sitenote_category":0,"footnotes":""},"class_list":["post-989","page","type-page","status-publish","hentry"],"yoast_head":"<!-- This site is optimized with the Yoast SEO plugin v27.4 - https:\/\/yoast.com\/product\/yoast-seo-wordpress\/ -->\n<title>Pol\u00edtica de cookies - Encaja - Pen\u00ednsula<\/title>\n<meta name=\"robots\" content=\"index, follow, max-snippet:-1, max-image-preview:large, max-video-preview:-1\" \/>\n<link rel=\"canonical\" href=\"https:\/\/encaja.es\/peninsula\/politica-de-cookies\/\" \/>\n<meta property=\"og:locale\" content=\"es_ES\" \/>\n<meta property=\"og:type\" content=\"article\" \/>\n<meta property=\"og:title\" content=\"Pol\u00edtica de cookies - Encaja - Pen\u00ednsula\" \/>\n<meta property=\"og:url\" content=\"https:\/\/encaja.es\/peninsula\/politica-de-cookies\/\" \/>\n<meta property=\"og:site_name\" content=\"Encaja - Pen\u00ednsula\" \/>\n<meta property=\"article:modified_time\" content=\"2018-04-26T19:27:16+00:00\" \/>\n<meta name=\"twitter:card\" content=\"summary_large_image\" \/>\n<script type=\"application\/ld+json\" class=\"yoast-schema-graph\">{\"@context\":\"https:\\\/\\\/schema.org\",\"@graph\":[{\"@type\":\"WebPage\",\"@id\":\"https:\\\/\\\/encaja.es\\\/peninsula\\\/politica-de-cookies\\\/\",\"url\":\"https:\\\/\\\/encaja.es\\\/peninsula\\\/politica-de-cookies\\\/\",\"name\":\"Pol\u00edtica de cookies - Encaja - Pen\u00ednsula\",\"isPartOf\":{\"@id\":\"https:\\\/\\\/encaja.es\\\/peninsula\\\/#website\"},\"datePublished\":\"2017-11-06T03:08:23+00:00\",\"dateModified\":\"2018-04-26T19:27:16+00:00\",\"breadcrumb\":{\"@id\":\"https:\\\/\\\/encaja.es\\\/peninsula\\\/politica-de-cookies\\\/#breadcrumb\"},\"inLanguage\":\"es\",\"potentialAction\":[{\"@type\":\"ReadAction\",\"target\":[\"https:\\\/\\\/encaja.es\\\/peninsula\\\/politica-de-cookies\\\/\"]}]},{\"@type\":\"BreadcrumbList\",\"@id\":\"https:\\\/\\\/encaja.es\\\/peninsula\\\/politica-de-cookies\\\/#breadcrumb\",\"itemListElement\":[{\"@type\":\"ListItem\",\"position\":1,\"name\":\"Portada\",\"item\":\"https:\\\/\\\/encaja.es\\\/peninsula\\\/\"},{\"@type\":\"ListItem\",\"position\":2,\"name\":\"Pol\u00edtica de cookies\"}]},{\"@type\":\"WebSite\",\"@id\":\"https:\\\/\\\/encaja.es\\\/peninsula\\\/#website\",\"url\":\"https:\\\/\\\/encaja.es\\\/peninsula\\\/\",\"name\":\"Encaja - Pen\u00ednsula\",\"description\":\"Trasteros y mini almacenes\",\"potentialAction\":[{\"@type\":\"SearchAction\",\"target\":{\"@type\":\"EntryPoint\",\"urlTemplate\":\"https:\\\/\\\/encaja.es\\\/peninsula\\\/?s={search_term_string}\"},\"query-input\":{\"@type\":\"PropertyValueSpecification\",\"valueRequired\":true,\"valueName\":\"search_term_string\"}}],\"inLanguage\":\"es\"}]}<\/script>\n<!-- \/ Yoast SEO plugin. -->","yoast_head_json":{"title":"Pol\u00edtica de cookies - Encaja - Pen\u00ednsula","robots":{"index":"index","follow":"follow","max-snippet":"max-snippet:-1","max-image-preview":"max-image-preview:large","max-video-preview":"max-video-preview:-1"},"canonical":"https:\/\/encaja.es\/peninsula\/politica-de-cookies\/","og_locale":"es_ES","og_type":"article","og_title":"Pol\u00edtica de cookies - Encaja - Pen\u00ednsula","og_url":"https:\/\/encaja.es\/peninsula\/politica-de-cookies\/","og_site_name":"Encaja - Pen\u00ednsula","article_modified_time":"2018-04-26T19:27:16+00:00","twitter_card":"summary_large_image","schema":{"@context":"https:\/\/schema.org","@graph":[{"@type":"WebPage","@id":"https:\/\/encaja.es\/peninsula\/politica-de-cookies\/","url":"https:\/\/encaja.es\/peninsula\/politica-de-cookies\/","name":"Pol\u00edtica de cookies - Encaja - Pen\u00ednsula","isPartOf":{"@id":"https:\/\/encaja.es\/peninsula\/#website"},"datePublished":"2017-11-06T03:08:23+00:00","dateModified":"2018-04-26T19:27:16+00:00","breadcrumb":{"@id":"https:\/\/encaja.es\/peninsula\/politica-de-cookies\/#breadcrumb"},"inLanguage":"es","potentialAction":[{"@type":"ReadAction","target":["https:\/\/encaja.es\/peninsula\/politica-de-cookies\/"]}]},{"@type":"BreadcrumbList","@id":"https:\/\/encaja.es\/peninsula\/politica-de-cookies\/#breadcrumb","itemListElement":[{"@type":"ListItem","position":1,"name":"Portada","item":"https:\/\/encaja.es\/peninsula\/"},{"@type":"ListItem","position":2,"name":"Pol\u00edtica de cookies"}]},{"@type":"WebSite","@id":"https:\/\/encaja.es\/peninsula\/#website","url":"https:\/\/encaja.es\/peninsula\/","name":"Encaja - Pen\u00ednsula","description":"Trasteros y mini almacenes","potentialAction":[{"@type":"SearchAction","target":{"@type":"EntryPoint","urlTemplate":"https:\/\/encaja.es\/peninsula\/?s={search_term_string}"},"query-input":{"@type":"PropertyValueSpecification","valueRequired":true,"valueName":"search_term_string"}}],"inLanguage":"es"}]}},"_links":{"self":[{"href":"https:\/\/encaja.es\/peninsula\/wp-json\/wp\/v2\/pages\/989","targetHints":{"allow":["GET"]}}],"collection":[{"href":"https:\/\/encaja.es\/peninsula\/wp-json\/wp\/v2\/pages"}],"about":[{"href":"https:\/\/encaja.es\/peninsula\/wp-json\/wp\/v2\/types\/page"}],"author":[{"embeddable":true,"href":"https:\/\/encaja.es\/peninsula\/wp-json\/wp\/v2\/users\/1"}],"replies":[{"embeddable":true,"href":"https:\/\/encaja.es\/peninsula\/wp-json\/wp\/v2\/comments?post=989"}],"version-history":[{"count":1,"href":"https:\/\/encaja.es\/peninsula\/wp-json\/wp\/v2\/pages\/989\/revisions"}],"predecessor-version":[{"id":990,"href":"https:\/\/encaja.es\/peninsula\/wp-json\/wp\/v2\/pages\/989\/revisions\/990"}],"wp:attachment":[{"href":"https:\/\/encaja.es\/peninsula\/wp-json\/wp\/v2\/media?parent=989"}],"curies":[{"name":"wp","href":"https:\/\/api.w.org\/{rel}","templated":true}]}}